{"id":439,"date":"2020-06-29T13:48:24","date_gmt":"2020-06-29T13:48:24","guid":{"rendered":"http:\/\/resilienz80337-nelestroebel.de\/?page_id=439"},"modified":"2020-07-30T09:56:43","modified_gmt":"2020-07-30T09:56:43","slug":"vor-ort-copy-2","status":"publish","type":"page","link":"http:\/\/resilienz80337-nelestroebel.de\/?page_id=439","title":{"rendered":"Die Ausstellung"},"content":{"rendered":"\n\t<!-- Main Title -->\n\t\t<h1>\n\t\t\t\t\t\t\tDIE AUSSTELLUNG VOR ORT                                            SYBILLE RATH UND NELE STR\u00d6BEL IM ATLANTIK\t\t\t\t\t<\/h1>\n\t\t<!-- Separator -->\n\t\t<!-- subtitle section -->\n\t\t<h4><p>Video von Neo Kurz:\u00a0\u00a0<\/p><\/h4>\n\t<iframe loading=\"lazy\" width=\"560\" height=\"340\" src=\"\/\/www.dorftv.at\/embed\/33715\" frameborder=\"0\" allowfullscreen><\/iframe>\n\t<!-- Main Title -->\n\t\t<!-- Separator -->\n\t\t<!-- subtitle section -->\n\t\t<h4><p>Fotos von Nele Str\u00f6bel<\/p><\/h4>\n\t\t\t\t\t\t\t\t\t\t\t\t \t\t\t<a href=\"http:\/\/resilienz80337-nelestroebel.de\/wp-content\/uploads\/2020\/07\/syb-gro\u00dfgro\u00df.jpg\" title=\"syb-gro\u00dfgro\u00df.jpg\" data-effect=\"mfp-newspaper\">\n\t\t\t\t\t\t\t\t\t\t\t\t \t\t\t\t\t<img decoding=\"async\" src=\"http:\/\/resilienz80337-nelestroebel.de\/wp-content\/uploads\/2020\/07\/syb-gro\u00dfgro\u00df-300x300.jpg\">\t\t\t\t\t\t\t\t\t\t\t\t\t\t        \n\t\t\t\t\t\t\t\t\t\t\t\t\t\t\t\t\t<\/a>\n\t\t\t\t\t\t\t\t\t\t\t\t \t\t\t<a href=\"http:\/\/resilienz80337-nelestroebel.de\/wp-content\/uploads\/2020\/07\/syp-gro\u00df-gro\u00df-gro\u00df.jpg\" title=\"syp-gro\u00df-gro\u00df-gro\u00df.jpg\" data-effect=\"mfp-newspaper\">\n\t\t\t\t\t\t\t\t\t\t\t\t \t\t\t\t\t<img decoding=\"async\" src=\"http:\/\/resilienz80337-nelestroebel.de\/wp-content\/uploads\/2020\/07\/syp-gro\u00df-gro\u00df-gro\u00df-300x300.jpg\">\t\t\t\t\t\t\t\t\t\t\t\t\t\t        \n\t\t\t\t\t\t\t\t\t\t\t\t\t\t\t\t\t<\/a>\n\t\t\t\t\t\t\t\t\t\t\t\t \t\t\t<a href=\"http:\/\/resilienz80337-nelestroebel.de\/wp-content\/uploads\/2020\/06\/knochenarbeit-nele-stroebel.jpg\" title=\"knochenarbeit-nele-stroebel.jpg\" data-effect=\"mfp-newspaper\">\n\t\t\t\t\t\t\t\t\t\t\t\t \t\t\t\t\t<img decoding=\"async\" src=\"http:\/\/resilienz80337-nelestroebel.de\/wp-content\/uploads\/2020\/06\/knochenarbeit-nele-stroebel-300x300.jpg\">\t\t\t\t\t\t\t\t\t\t\t\t\t\t        \n\t\t\t\t\t\t\t\t\t\t\t\t\t\t\t\t\t<\/a>\n\t\t\t\t\t\t\t\t\t\t\t\t \t\t\t<a href=\"http:\/\/resilienz80337-nelestroebel.de\/wp-content\/uploads\/2020\/06\/knochen-webkl.jpg\" title=\"knochen-webkl.jpg\" data-effect=\"mfp-newspaper\">\n\t\t\t\t\t\t\t\t\t\t\t\t \t\t\t\t\t<img decoding=\"async\" src=\"http:\/\/resilienz80337-nelestroebel.de\/wp-content\/uploads\/2020\/06\/knochen-webkl-300x300.jpg\">\t\t\t\t\t\t\t\t\t\t\t\t\t\t        \n\t\t\t\t\t\t\t\t\t\t\t\t\t\t\t\t\t<\/a>\n\t\t\t\t\t\t\t\t\t\t\t\t \t\t\t<a href=\"http:\/\/resilienz80337-nelestroebel.de\/wp-content\/uploads\/2020\/07\/DSC06154.jpg\" title=\"DSC06154.jpg\" data-effect=\"mfp-newspaper\">\n\t\t\t\t\t\t\t\t\t\t\t\t \t\t\t\t\t<img decoding=\"async\" src=\"http:\/\/resilienz80337-nelestroebel.de\/wp-content\/uploads\/2020\/07\/DSC06154-300x300.jpg\">\t\t\t\t\t\t\t\t\t\t\t\t\t\t        \n\t\t\t\t\t\t\t\t\t\t\t\t\t\t\t\t\t<\/a>\n\t\t\t\t\t\t\t\t\t\t\t\t \t\t\t<a href=\"http:\/\/resilienz80337-nelestroebel.de\/wp-content\/uploads\/2020\/07\/DSC06155.jpg\" title=\"DSC06155.jpg\" data-effect=\"mfp-newspaper\">\n\t\t\t\t\t\t\t\t\t\t\t\t \t\t\t\t\t<img decoding=\"async\" src=\"http:\/\/resilienz80337-nelestroebel.de\/wp-content\/uploads\/2020\/07\/DSC06155-300x300.jpg\">\t\t\t\t\t\t\t\t\t\t\t\t\t\t        \n\t\t\t\t\t\t\t\t\t\t\t\t\t\t\t\t\t<\/a>\n\t\t\t\t\t\t\t\t\t\t\t\t \t\t\t<a href=\"http:\/\/resilienz80337-nelestroebel.de\/wp-content\/uploads\/2020\/07\/DSC06156.jpg\" title=\"DSC06156.jpg\" data-effect=\"mfp-newspaper\">\n\t\t\t\t\t\t\t\t\t\t\t\t \t\t\t\t\t<img decoding=\"async\" src=\"http:\/\/resilienz80337-nelestroebel.de\/wp-content\/uploads\/2020\/07\/DSC06156-300x300.jpg\">\t\t\t\t\t\t\t\t\t\t\t\t\t\t        \n\t\t\t\t\t\t\t\t\t\t\t\t\t\t\t\t\t<\/a>\n\t\t\t\t\t\t\t\t\t\t\t\t \t\t\t<a href=\"http:\/\/resilienz80337-nelestroebel.de\/wp-content\/uploads\/2020\/07\/DSC06157.jpg\" title=\"DSC06157.jpg\" data-effect=\"mfp-newspaper\">\n\t\t\t\t\t\t\t\t\t\t\t\t \t\t\t\t\t<img decoding=\"async\" src=\"http:\/\/resilienz80337-nelestroebel.de\/wp-content\/uploads\/2020\/07\/DSC06157-300x300.jpg\">\t\t\t\t\t\t\t\t\t\t\t\t\t\t        \n\t\t\t\t\t\t\t\t\t\t\t\t\t\t\t\t\t<\/a>\n\t\t\t\t\t\t\t\t\t\t\t\t \t\t\t<a href=\"http:\/\/resilienz80337-nelestroebel.de\/wp-content\/uploads\/2020\/07\/DSC06159.jpg\" title=\"DSC06159.jpg\" data-effect=\"mfp-newspaper\">\n\t\t\t\t\t\t\t\t\t\t\t\t \t\t\t\t\t<img decoding=\"async\" src=\"http:\/\/resilienz80337-nelestroebel.de\/wp-content\/uploads\/2020\/07\/DSC06159-300x300.jpg\">\t\t\t\t\t\t\t\t\t\t\t\t\t\t        \n\t\t\t\t\t\t\t\t\t\t\t\t\t\t\t\t\t<\/a>\n\t\t\t\t\t\t\t\t\t\t\t\t \t\t\t<a href=\"http:\/\/resilienz80337-nelestroebel.de\/wp-content\/uploads\/2020\/07\/DSC06160.jpg\" title=\"DSC06160.jpg\" data-effect=\"mfp-newspaper\">\n\t\t\t\t\t\t\t\t\t\t\t\t \t\t\t\t\t<img decoding=\"async\" src=\"http:\/\/resilienz80337-nelestroebel.de\/wp-content\/uploads\/2020\/07\/DSC06160-300x300.jpg\">\t\t\t\t\t\t\t\t\t\t\t\t\t\t        \n\t\t\t\t\t\t\t\t\t\t\t\t\t\t\t\t\t<\/a>\n\t\t\t\t\t\t\t\t\t\t\t\t \t\t\t<a href=\"http:\/\/resilienz80337-nelestroebel.de\/wp-content\/uploads\/2020\/07\/DSC06161.jpg\" title=\"DSC06161.jpg\" data-effect=\"mfp-newspaper\">\n\t\t\t\t\t\t\t\t\t\t\t\t \t\t\t\t\t<img decoding=\"async\" src=\"http:\/\/resilienz80337-nelestroebel.de\/wp-content\/uploads\/2020\/07\/DSC06161-300x300.jpg\">\t\t\t\t\t\t\t\t\t\t\t\t\t\t        \n\t\t\t\t\t\t\t\t\t\t\t\t\t\t\t\t\t<\/a>\n\t\t\t\t\t\t\t\t\t\t\t\t \t\t\t<a href=\"http:\/\/resilienz80337-nelestroebel.de\/wp-content\/uploads\/2020\/07\/DSC06162.jpg\" title=\"DSC06162.jpg\" data-effect=\"mfp-newspaper\">\n\t\t\t\t\t\t\t\t\t\t\t\t \t\t\t\t\t<img decoding=\"async\" src=\"http:\/\/resilienz80337-nelestroebel.de\/wp-content\/uploads\/2020\/07\/DSC06162-300x300.jpg\">\t\t\t\t\t\t\t\t\t\t\t\t\t\t        \n\t\t\t\t\t\t\t\t\t\t\t\t\t\t\t\t\t<\/a>\n\t\t\t\t\t\t\t\t\t\t\t\t \t\t\t<a href=\"http:\/\/resilienz80337-nelestroebel.de\/wp-content\/uploads\/2020\/07\/DSC06163.jpg\" title=\"DSC06163.jpg\" data-effect=\"mfp-newspaper\">\n\t\t\t\t\t\t\t\t\t\t\t\t \t\t\t\t\t<img decoding=\"async\" src=\"http:\/\/resilienz80337-nelestroebel.de\/wp-content\/uploads\/2020\/07\/DSC06163-300x300.jpg\">\t\t\t\t\t\t\t\t\t\t\t\t\t\t        \n\t\t\t\t\t\t\t\t\t\t\t\t\t\t\t\t\t<\/a>\n\t\t\t\t\t\t\t\t\t\t\t\t \t\t\t<a href=\"http:\/\/resilienz80337-nelestroebel.de\/wp-content\/uploads\/2020\/07\/DSC06164.jpg\" title=\"DSC06164.jpg\" data-effect=\"mfp-newspaper\">\n\t\t\t\t\t\t\t\t\t\t\t\t \t\t\t\t\t<img decoding=\"async\" src=\"http:\/\/resilienz80337-nelestroebel.de\/wp-content\/uploads\/2020\/07\/DSC06164-300x300.jpg\">\t\t\t\t\t\t\t\t\t\t\t\t\t\t        \n\t\t\t\t\t\t\t\t\t\t\t\t\t\t\t\t\t<\/a>\n\t\t\t\t\t\t\t\t\t\t\t\t \t\t\t<a href=\"http:\/\/resilienz80337-nelestroebel.de\/wp-content\/uploads\/2020\/07\/DSC06165.jpg\" title=\"DSC06165.jpg\" data-effect=\"mfp-newspaper\">\n\t\t\t\t\t\t\t\t\t\t\t\t \t\t\t\t\t<img decoding=\"async\" src=\"http:\/\/resilienz80337-nelestroebel.de\/wp-content\/uploads\/2020\/07\/DSC06165-300x300.jpg\">\t\t\t\t\t\t\t\t\t\t\t\t\t\t        \n\t\t\t\t\t\t\t\t\t\t\t\t\t\t\t\t\t<\/a>\n\t\t\t\t\t\t\t\t\t\t\t\t \t\t\t<a href=\"http:\/\/resilienz80337-nelestroebel.de\/wp-content\/uploads\/2020\/07\/DSC06166.jpg\" title=\"DSC06166.jpg\" data-effect=\"mfp-newspaper\">\n\t\t\t\t\t\t\t\t\t\t\t\t \t\t\t\t\t<img decoding=\"async\" src=\"http:\/\/resilienz80337-nelestroebel.de\/wp-content\/uploads\/2020\/07\/DSC06166-300x300.jpg\">\t\t\t\t\t\t\t\t\t\t\t\t\t\t        \n\t\t\t\t\t\t\t\t\t\t\t\t\t\t\t\t\t<\/a>\n\t\t\t\t\t\t\t\t\t\t\t\t \t\t\t<a href=\"http:\/\/resilienz80337-nelestroebel.de\/wp-content\/uploads\/2020\/07\/DSC06167.jpg\" title=\"DSC06167.jpg\" data-effect=\"mfp-newspaper\">\n\t\t\t\t\t\t\t\t\t\t\t\t \t\t\t\t\t<img decoding=\"async\" src=\"http:\/\/resilienz80337-nelestroebel.de\/wp-content\/uploads\/2020\/07\/DSC06167-300x300.jpg\">\t\t\t\t\t\t\t\t\t\t\t\t\t\t        \n\t\t\t\t\t\t\t\t\t\t\t\t\t\t\t\t\t<\/a>\n\t\t\t\t\t\t\t\t\t\t\t\t \t\t\t<a href=\"http:\/\/resilienz80337-nelestroebel.de\/wp-content\/uploads\/2020\/07\/DSC06168.jpg\" title=\"DSC06168.jpg\" data-effect=\"mfp-newspaper\">\n\t\t\t\t\t\t\t\t\t\t\t\t \t\t\t\t\t<img decoding=\"async\" src=\"http:\/\/resilienz80337-nelestroebel.de\/wp-content\/uploads\/2020\/07\/DSC06168-300x300.jpg\">\t\t\t\t\t\t\t\t\t\t\t\t\t\t        \n\t\t\t\t\t\t\t\t\t\t\t\t\t\t\t\t\t<\/a>\n\t\t\t\t\t\t\t\t\t\t\t\t \t\t\t<a href=\"http:\/\/resilienz80337-nelestroebel.de\/wp-content\/uploads\/2020\/07\/DSC06169.jpg\" title=\"DSC06169.jpg\" data-effect=\"mfp-newspaper\">\n\t\t\t\t\t\t\t\t\t\t\t\t \t\t\t\t\t<img decoding=\"async\" src=\"http:\/\/resilienz80337-nelestroebel.de\/wp-content\/uploads\/2020\/07\/DSC06169-300x300.jpg\">\t\t\t\t\t\t\t\t\t\t\t\t\t\t        \n\t\t\t\t\t\t\t\t\t\t\t\t\t\t\t\t\t<\/a>\n\t\t\t\t\t\t\t\t\t\t\t\t \t\t\t<a href=\"http:\/\/resilienz80337-nelestroebel.de\/wp-content\/uploads\/2020\/07\/DSC06170.jpg\" title=\"DSC06170.jpg\" data-effect=\"mfp-newspaper\">\n\t\t\t\t\t\t\t\t\t\t\t\t \t\t\t\t\t<img decoding=\"async\" src=\"http:\/\/resilienz80337-nelestroebel.de\/wp-content\/uploads\/2020\/07\/DSC06170-300x300.jpg\">\t\t\t\t\t\t\t\t\t\t\t\t\t\t        \n\t\t\t\t\t\t\t\t\t\t\t\t\t\t\t\t\t<\/a>\n\t\t\t\t\t\t\t\t\t\t\t\t \t\t\t<a href=\"http:\/\/resilienz80337-nelestroebel.de\/wp-content\/uploads\/2020\/07\/DSC06171.jpg\" title=\"DSC06171.jpg\" data-effect=\"mfp-newspaper\">\n\t\t\t\t\t\t\t\t\t\t\t\t \t\t\t\t\t<img decoding=\"async\" src=\"http:\/\/resilienz80337-nelestroebel.de\/wp-content\/uploads\/2020\/07\/DSC06171-300x300.jpg\">\t\t\t\t\t\t\t\t\t\t\t\t\t\t        \n\t\t\t\t\t\t\t\t\t\t\t\t\t\t\t\t\t<\/a>\n\t\t\t\t\t\t\t\t\t\t\t\t \t\t\t<a href=\"http:\/\/resilienz80337-nelestroebel.de\/wp-content\/uploads\/2020\/07\/DSC06172.jpg\" title=\"DSC06172.jpg\" data-effect=\"mfp-newspaper\">\n\t\t\t\t\t\t\t\t\t\t\t\t \t\t\t\t\t<img decoding=\"async\" src=\"http:\/\/resilienz80337-nelestroebel.de\/wp-content\/uploads\/2020\/07\/DSC06172-300x300.jpg\">\t\t\t\t\t\t\t\t\t\t\t\t\t\t        \n\t\t\t\t\t\t\t\t\t\t\t\t\t\t\t\t\t<\/a>\n\t\t\t\t\t\t\t\t\t\t\t\t \t\t\t<a href=\"http:\/\/resilienz80337-nelestroebel.de\/wp-content\/uploads\/2020\/07\/DSC06175.jpg\" title=\"DSC06175.jpg\" data-effect=\"mfp-newspaper\">\n\t\t\t\t\t\t\t\t\t\t\t\t \t\t\t\t\t<img decoding=\"async\" src=\"http:\/\/resilienz80337-nelestroebel.de\/wp-content\/uploads\/2020\/07\/DSC06175-300x300.jpg\">\t\t\t\t\t\t\t\t\t\t\t\t\t\t        \n\t\t\t\t\t\t\t\t\t\t\t\t\t\t\t\t\t<\/a>\n\t\t\t\t\t\t\t\t\t\t\t\t \t\t\t<a href=\"http:\/\/resilienz80337-nelestroebel.de\/wp-content\/uploads\/2020\/07\/DSC06176.jpg\" title=\"DSC06176.jpg\" data-effect=\"mfp-newspaper\">\n\t\t\t\t\t\t\t\t\t\t\t\t \t\t\t\t\t<img decoding=\"async\" src=\"http:\/\/resilienz80337-nelestroebel.de\/wp-content\/uploads\/2020\/07\/DSC06176-300x300.jpg\">\t\t\t\t\t\t\t\t\t\t\t\t\t\t        \n\t\t\t\t\t\t\t\t\t\t\t\t\t\t\t\t\t<\/a>\n\t\t\t\t\t\t\t\t\t\t\t\t \t\t\t<a href=\"http:\/\/resilienz80337-nelestroebel.de\/wp-content\/uploads\/2020\/07\/DSC06177.jpg\" title=\"DSC06177.jpg\" data-effect=\"mfp-newspaper\">\n\t\t\t\t\t\t\t\t\t\t\t\t \t\t\t\t\t<img decoding=\"async\" src=\"http:\/\/resilienz80337-nelestroebel.de\/wp-content\/uploads\/2020\/07\/DSC06177-300x300.jpg\">\t\t\t\t\t\t\t\t\t\t\t\t\t\t        \n\t\t\t\t\t\t\t\t\t\t\t\t\t\t\t\t\t<\/a>\n\t\t\t\t\t\t\t\t\t\t\t\t \t\t\t<a href=\"http:\/\/resilienz80337-nelestroebel.de\/wp-content\/uploads\/2020\/07\/DSC06178.jpg\" title=\"DSC06178.jpg\" data-effect=\"mfp-newspaper\">\n\t\t\t\t\t\t\t\t\t\t\t\t \t\t\t\t\t<img decoding=\"async\" src=\"http:\/\/resilienz80337-nelestroebel.de\/wp-content\/uploads\/2020\/07\/DSC06178-300x300.jpg\">\t\t\t\t\t\t\t\t\t\t\t\t\t\t        \n\t\t\t\t\t\t\t\t\t\t\t\t\t\t\t\t\t<\/a>\n\t\t\t\t\t\t\t\t\t\t\t\t \t\t\t<a href=\"http:\/\/resilienz80337-nelestroebel.de\/wp-content\/uploads\/2020\/07\/DSC06179.jpg\" title=\"DSC06179.jpg\" data-effect=\"mfp-newspaper\">\n\t\t\t\t\t\t\t\t\t\t\t\t \t\t\t\t\t<img decoding=\"async\" src=\"http:\/\/resilienz80337-nelestroebel.de\/wp-content\/uploads\/2020\/07\/DSC06179-300x300.jpg\">\t\t\t\t\t\t\t\t\t\t\t\t\t\t        \n\t\t\t\t\t\t\t\t\t\t\t\t\t\t\t\t\t<\/a>\n\t\t\t\t\t\t\t\t\t\t\t\t \t\t\t<a href=\"http:\/\/resilienz80337-nelestroebel.de\/wp-content\/uploads\/2020\/07\/DSC06191.jpg\" title=\"DSC06191.jpg\" data-effect=\"mfp-newspaper\">\n\t\t\t\t\t\t\t\t\t\t\t\t \t\t\t\t\t<img decoding=\"async\" src=\"http:\/\/resilienz80337-nelestroebel.de\/wp-content\/uploads\/2020\/07\/DSC06191-300x300.jpg\">\t\t\t\t\t\t\t\t\t\t\t\t\t\t        \n\t\t\t\t\t\t\t\t\t\t\t\t\t\t\t\t\t<\/a>\n\t\t\t\t\t\t\t\t\t\t\t\t \t\t\t<a href=\"http:\/\/resilienz80337-nelestroebel.de\/wp-content\/uploads\/2020\/07\/DSC06192.jpg\" title=\"DSC06192.jpg\" data-effect=\"mfp-newspaper\">\n\t\t\t\t\t\t\t\t\t\t\t\t \t\t\t\t\t<img decoding=\"async\" src=\"http:\/\/resilienz80337-nelestroebel.de\/wp-content\/uploads\/2020\/07\/DSC06192-300x300.jpg\">\t\t\t\t\t\t\t\t\t\t\t\t\t\t        \n\t\t\t\t\t\t\t\t\t\t\t\t\t\t\t\t\t<\/a>\n\t\t\t\t\t\t\t\t\t\t\t\t \t\t\t<a href=\"http:\/\/resilienz80337-nelestroebel.de\/wp-content\/uploads\/2020\/07\/DSC06193.jpg\" title=\"DSC06193.jpg\" data-effect=\"mfp-newspaper\">\n\t\t\t\t\t\t\t\t\t\t\t\t \t\t\t\t\t<img decoding=\"async\" src=\"http:\/\/resilienz80337-nelestroebel.de\/wp-content\/uploads\/2020\/07\/DSC06193-300x300.jpg\">\t\t\t\t\t\t\t\t\t\t\t\t\t\t        \n\t\t\t\t\t\t\t\t\t\t\t\t\t\t\t\t\t<\/a>\n\t\t\t\t\t\t\t\t\t\t\t\t \t\t\t<a href=\"http:\/\/resilienz80337-nelestroebel.de\/wp-content\/uploads\/2020\/07\/DSC06195.jpg\" title=\"DSC06195.jpg\" data-effect=\"mfp-newspaper\">\n\t\t\t\t\t\t\t\t\t\t\t\t \t\t\t\t\t<img decoding=\"async\" src=\"http:\/\/resilienz80337-nelestroebel.de\/wp-content\/uploads\/2020\/07\/DSC06195-300x300.jpg\">\t\t\t\t\t\t\t\t\t\t\t\t\t\t        \n\t\t\t\t\t\t\t\t\t\t\t\t\t\t\t\t\t<\/a>\n\t\t\t\t\t\t\t\t\t\t\t\t \t\t\t<a href=\"http:\/\/resilienz80337-nelestroebel.de\/wp-content\/uploads\/2020\/07\/DSC06196.jpg\" title=\"DSC06196.jpg\" data-effect=\"mfp-newspaper\">\n\t\t\t\t\t\t\t\t\t\t\t\t \t\t\t\t\t<img decoding=\"async\" src=\"http:\/\/resilienz80337-nelestroebel.de\/wp-content\/uploads\/2020\/07\/DSC06196-300x300.jpg\">\t\t\t\t\t\t\t\t\t\t\t\t\t\t        \n\t\t\t\t\t\t\t\t\t\t\t\t\t\t\t\t\t<\/a>\n\t\t\t\t\t\t\t\t\t\t\t\t \t\t\t<a href=\"http:\/\/resilienz80337-nelestroebel.de\/wp-content\/uploads\/2020\/07\/DSC06197.jpg\" title=\"DSC06197.jpg\" data-effect=\"mfp-newspaper\">\n\t\t\t\t\t\t\t\t\t\t\t\t \t\t\t\t\t<img decoding=\"async\" src=\"http:\/\/resilienz80337-nelestroebel.de\/wp-content\/uploads\/2020\/07\/DSC06197-300x300.jpg\">\t\t\t\t\t\t\t\t\t\t\t\t\t\t        \n\t\t\t\t\t\t\t\t\t\t\t\t\t\t\t\t\t<\/a>\n\t\t\t\t\t\t\t\t\t\t\t\t \t\t\t<a href=\"http:\/\/resilienz80337-nelestroebel.de\/wp-content\/uploads\/2020\/07\/DSC06198.jpg\" title=\"DSC06198.jpg\" data-effect=\"mfp-newspaper\">\n\t\t\t\t\t\t\t\t\t\t\t\t \t\t\t\t\t<img decoding=\"async\" src=\"http:\/\/resilienz80337-nelestroebel.de\/wp-content\/uploads\/2020\/07\/DSC06198-300x300.jpg\">\t\t\t\t\t\t\t\t\t\t\t\t\t\t        \n\t\t\t\t\t\t\t\t\t\t\t\t\t\t\t\t\t<\/a>\n\t\t\t\t\t\t\t\t\t\t\t\t \t\t\t<a href=\"http:\/\/resilienz80337-nelestroebel.de\/wp-content\/uploads\/2020\/07\/DSC06199.jpg\" title=\"DSC06199.jpg\" data-effect=\"mfp-newspaper\">\n\t\t\t\t\t\t\t\t\t\t\t\t \t\t\t\t\t<img decoding=\"async\" src=\"http:\/\/resilienz80337-nelestroebel.de\/wp-content\/uploads\/2020\/07\/DSC06199-300x300.jpg\">\t\t\t\t\t\t\t\t\t\t\t\t\t\t        \n\t\t\t\t\t\t\t\t\t\t\t\t\t\t\t\t\t<\/a>\n\t\t\t\t\t\t\t\t\t\t\t\t \t\t\t<a href=\"http:\/\/resilienz80337-nelestroebel.de\/wp-content\/uploads\/2020\/07\/knochen-quadrat.jpg\" title=\"knochen-quadrat.jpg\" data-effect=\"mfp-newspaper\">\n\t\t\t\t\t\t\t\t\t\t\t\t \t\t\t\t\t<img decoding=\"async\" src=\"http:\/\/resilienz80337-nelestroebel.de\/wp-content\/uploads\/2020\/07\/knochen-quadrat-300x300.jpg\">\t\t\t\t\t\t\t\t\t\t\t\t\t\t        \n\t\t\t\t\t\t\t\t\t\t\t\t\t\t\t\t\t<\/a>\n\t\t\t\t\t\t\t\t\t\t\t\t \t\t\t<a href=\"http:\/\/resilienz80337-nelestroebel.de\/wp-content\/uploads\/2020\/07\/nele-quadr.jpg\" title=\"nele-quadr.jpg\" data-effect=\"mfp-newspaper\">\n\t\t\t\t\t\t\t\t\t\t\t\t \t\t\t\t\t<img decoding=\"async\" src=\"http:\/\/resilienz80337-nelestroebel.de\/wp-content\/uploads\/2020\/07\/nele-quadr-300x300.jpg\">\t\t\t\t\t\t\t\t\t\t\t\t\t\t        \n\t\t\t\t\t\t\t\t\t\t\t\t\t\t\t\t\t<\/a>\n\t\t\t\t\t\t\t\t\t\t\t\t \t\t\t<a href=\"http:\/\/resilienz80337-nelestroebel.de\/wp-content\/uploads\/2020\/07\/startseite-fahrbare-ausstellung-und-maske.jpg\" title=\"startseite-fahrbare-ausstellung-und-maske.jpg\" data-effect=\"mfp-newspaper\">\n\t\t\t\t\t\t\t\t\t\t\t\t \t\t\t\t\t<img decoding=\"async\" src=\"http:\/\/resilienz80337-nelestroebel.de\/wp-content\/uploads\/2020\/07\/startseite-fahrbare-ausstellung-und-maske-300x300.jpg\">\t\t\t\t\t\t\t\t\t\t\t\t\t\t        \n\t\t\t\t\t\t\t\t\t\t\t\t\t\t\t\t\t<\/a>\n\t\t\t\t\t\t\t\t\t\t\t\t \t\t\t<a href=\"http:\/\/resilienz80337-nelestroebel.de\/wp-content\/uploads\/2020\/07\/sybille-1-kl.jpg\" title=\"sybille-1-kl.jpg\" data-effect=\"mfp-newspaper\">\n\t\t\t\t\t\t\t\t\t\t\t\t \t\t\t\t\t<img decoding=\"async\" src=\"http:\/\/resilienz80337-nelestroebel.de\/wp-content\/uploads\/2020\/07\/sybille-1-kl.jpg\">\t\t\t\t\t\t\t\t\t\t\t\t\t\t        \n\t\t\t\t\t\t\t\t\t\t\t\t\t\t\t\t\t<\/a>\n\t\t\t\t\t\t\t\t\t\t\t\t \t\t\t<a href=\"http:\/\/resilienz80337-nelestroebel.de\/wp-content\/uploads\/2020\/07\/sybille-klein.jpg\" title=\"sybille-klein.jpg\" data-effect=\"mfp-newspaper\">\n\t\t\t\t\t\t\t\t\t\t\t\t \t\t\t\t\t<img decoding=\"async\" src=\"http:\/\/resilienz80337-nelestroebel.de\/wp-content\/uploads\/2020\/07\/sybille-klein-300x300.jpg\">\t\t\t\t\t\t\t\t\t\t\t\t\t\t        \n\t\t\t\t\t\t\t\t\t\t\t\t\t\t\t\t\t<\/a>\n\t\t\t\t\t\t\t\t\t\t\t\t \t\t\t<a href=\"http:\/\/resilienz80337-nelestroebel.de\/wp-content\/uploads\/2020\/07\/sybille-quadr-gro\u00df.jpg\" title=\"sybille-quadr-gro\u00df.jpg\" data-effect=\"mfp-newspaper\">\n\t\t\t\t\t\t\t\t\t\t\t\t \t\t\t\t\t<img decoding=\"async\" src=\"http:\/\/resilienz80337-nelestroebel.de\/wp-content\/uploads\/2020\/07\/sybille-quadr-gro\u00df-300x300.jpg\">\t\t\t\t\t\t\t\t\t\t\t\t\t\t        \n\t\t\t\t\t\t\t\t\t\t\t\t\t\t\t\t\t<\/a>\n\t\t\t\t\t\t\t\t\t<!--njba-gallery-wrapper-->\n\t\t<!--njba-gallery-body-->\n\t<!--njba-gallery-main-->\n\t\t\t\t\t\t\t\t\t\t\t\t","protected":false},"excerpt":{"rendered":"<p>DIE AUSSTELLUNG VOR ORT SYBILLE RATH UND NELE STR\u00d6BEL IM ATLANTIK Video von Neo Kurz:\u00a0\u00a0 Fotos von Nele Str\u00f6bel<\/p>\n","protected":false},"author":2,"featured_media":0,"parent":0,"menu_order":0,"comment_status":"closed","ping_status":"closed","template":"","meta":{"footnotes":""},"_links":{"self":[{"href":"http:\/\/resilienz80337-nelestroebel.de\/index.php?rest_route=\/wp\/v2\/pages\/439"}],"collection":[{"href":"http:\/\/resilienz80337-nelestroebel.de\/index.php?rest_route=\/wp\/v2\/pages"}],"about":[{"href":"http:\/\/resilienz80337-nelestroebel.de\/index.php?rest_route=\/wp\/v2\/types\/page"}],"author":[{"embeddable":true,"href":"http:\/\/resilienz80337-nelestroebel.de\/index.php?rest_route=\/wp\/v2\/users\/2"}],"replies":[{"embeddable":true,"href":"http:\/\/resilienz80337-nelestroebel.de\/index.php?rest_route=%2Fwp%2Fv2%2Fcomments&post=439"}],"version-history":[{"count":8,"href":"http:\/\/resilienz80337-nelestroebel.de\/index.php?rest_route=\/wp\/v2\/pages\/439\/revisions"}],"predecessor-version":[{"id":737,"href":"http:\/\/resilienz80337-nelestroebel.de\/index.php?rest_route=\/wp\/v2\/pages\/439\/revisions\/737"}],"wp:attachment":[{"href":"http:\/\/resilienz80337-nelestroebel.de\/index.php?rest_route=%2Fwp%2Fv2%2Fmedia&parent=439"}],"curies":[{"name":"wp","href":"https:\/\/api.w.org\/{rel}","templated":true}]}}