{"id":48,"date":"2020-04-30T14:23:33","date_gmt":"2020-04-30T14:23:33","guid":{"rendered":"http:\/\/resilienz80337-nelestroebel.de\/?page_id=48"},"modified":"2020-07-14T02:45:29","modified_gmt":"2020-07-14T02:45:29","slug":"community","status":"publish","type":"page","link":"http:\/\/resilienz80337-nelestroebel.de\/?page_id=48","title":{"rendered":"Community Links"},"content":{"rendered":"\n\t<h3>\n\t\t\t\t\tCommunity Linksammlung\n\t\t\t\t<\/h3>\n\t<ul>\n\t\t<li><h3><a href=\"www.nele-stroebel.de\" target=\"_blank\" rel=\"noopener noreferrer\">Nele Str\u00f6bel<\/a><\/h3 ><p><\/li><li><h3><a href=\"https:\/\/anstiftung.de\" target=\"_blank\" rel=\"noopener noreferrer\">Anstiftung<\/a><\/h3 ><\/li><li><h3><a href=\"https:\/\/www.luise-kultur.de\/\" target=\"_self\" rel=\"noopener noreferrer\">Luise Kultur<\/a><\/h3 >ein Projekt der Glockenbachwerkstatt<\/li><li><h3><a href=\"https:\/\/www.bahnwaerterthiel.de\/\" target=\"_self\" rel=\"noopener noreferrer\">Bahnw\u00e4rter Thiel<\/a><\/h3 ><\/li><li><h3><a href=\"www.alte-utting.de\" target=\"_self\" rel=\"noopener noreferrer\">Alte Utting<\/a><\/h3 ><\/li><li><h3><a href=\"www.kulturraum-muenchen.de\" target=\"_self\" rel=\"noopener noreferrer\">KulturRaum M\u00fcnchen e.V.<\/a><\/h3 ><\/li><li><h3>Offene Werkst\u00e4tten:<\/h3 ><\/li><li><h3><a href=\"https:\/\/erfindergarden.de\/\" target=\"_self\" rel=\"noopener noreferrer\">Erfindergarden FabLab, Hackerspace, Makerspace<\/a><\/h3 ><\/li><li><h3><a href=\"https:\/\/farbraum-munchen.jimdosite.com\/\" target=\"_self\" rel=\"noopener noreferrer\">Farbraum M\u00fcnchen<\/a><\/h3 ><\/li><li><h3><a href=\"https:\/\/danklsalon.wogeno.de\/reparatursalon.html\" target=\"_self\" rel=\"noopener noreferrer\">https:\/\/danklsalon.wogeno.de\/reparatursalon.html<\/a><\/h3 ><\/li><li><h3><a href=\"www.dube.agency\" target=\"_self\" rel=\"noopener noreferrer\">Dube agency<\/a><\/h3 ><\/li><li><h3><a href=\"https:\/\/www.boavideo.de\" target=\"_self\" rel=\"noopener noreferrer\">BOA Videokunst<\/a><\/h3 ><\/li><li><h3><a href=\"www.exist-space.de\" target=\"_self\" rel=\"noopener noreferrer\">www.exist-space.de<\/a><\/h3 ><\/li><li><h3><a href=\"https:\/\/www.bbk-muc-obb.de\/\" target=\"_self\" rel=\"noopener noreferrer\">BBK M\u00fcnchen und Oberbayern<\/a><\/h3 ><\/li><li><h3><a href=\"http:\/\/www.kunst-in-sendling.com\/\" target=\"_self\" rel=\"noopener noreferrer\">Kunst in Sendling<\/a><\/h3 ><\/li><li><h3><a href=\"https:\/\/www.muenchen.info\/ba\/02\" target=\"_self\" rel=\"noopener noreferrer\">Bezirksausschuss BA2<\/a><\/h3 ><\/li><li><h3><a href=\"https:\/\/www.ris-muenchen.de\/RII\/RII\/ris_vorlagen_dokumente.jsp?risid=5502227\" target=\"_self\" rel=\"noopener noreferrer\">Masterplan <\/a><\/h3 ><\/li><li><h3><a href=\"http:\/\/www.viertelgeschichte-isarvorstadt.de\/Projekte\/\" target=\"_self\" rel=\"noopener noreferrer\">GeschichtsWerkstatt  <\/a><\/h3 ><\/li><li><h3><a href=\"https:\/\/www.atlantik-muenchen.de\/speisekarte.html\" target=\"_self\" rel=\"noopener noreferrer\">ATLANTIK<\/a><\/h3 ><\/p><\/li>\t<\/ul>\n","protected":false},"excerpt":{"rendered":"<p>Community Linksammlung Nele Str\u00f6bel Anstiftung Luise Kulturein Projekt der Glockenbachwerkstatt Bahnw\u00e4rter Thiel Alte Utting KulturRaum M\u00fcnchen e.V. Offene Werkst\u00e4tten: Erfindergarden FabLab, Hackerspace, Makerspace Farbraum M\u00fcnchen https:\/\/danklsalon.wogeno.de\/reparatursalon.html Dube agency BOA Videokunst www.exist-space.de BBK M\u00fcnchen und Oberbayern Kunst in Sendling Bezirksausschuss BA2 Masterplan GeschichtsWerkstatt ATLANTIK<\/p>\n","protected":false},"author":1,"featured_media":0,"parent":0,"menu_order":0,"comment_status":"closed","ping_status":"closed","template":"page-templates\/full-width.php","meta":{"footnotes":""},"_links":{"self":[{"href":"http:\/\/resilienz80337-nelestroebel.de\/index.php?rest_route=\/wp\/v2\/pages\/48"}],"collection":[{"href":"http:\/\/resilienz80337-nelestroebel.de\/index.php?rest_route=\/wp\/v2\/pages"}],"about":[{"href":"http:\/\/resilienz80337-nelestroebel.de\/index.php?rest_route=\/wp\/v2\/types\/page"}],"author":[{"embeddable":true,"href":"http:\/\/resilienz80337-nelestroebel.de\/index.php?rest_route=\/wp\/v2\/users\/1"}],"replies":[{"embeddable":true,"href":"http:\/\/resilienz80337-nelestroebel.de\/index.php?rest_route=%2Fwp%2Fv2%2Fcomments&post=48"}],"version-history":[{"count":16,"href":"http:\/\/resilienz80337-nelestroebel.de\/index.php?rest_route=\/wp\/v2\/pages\/48\/revisions"}],"predecessor-version":[{"id":567,"href":"http:\/\/resilienz80337-nelestroebel.de\/index.php?rest_route=\/wp\/v2\/pages\/48\/revisions\/567"}],"wp:attachment":[{"href":"http:\/\/resilienz80337-nelestroebel.de\/index.php?rest_route=%2Fwp%2Fv2%2Fmedia&parent=48"}],"curies":[{"name":"wp","href":"https:\/\/api.w.org\/{rel}","templated":true}]}}